{"id":48,"date":"2023-03-25T01:43:00","date_gmt":"2023-03-25T04:43:00","guid":{"rendered":"https:\/\/uccuyo.com.ar\/ism\/?page_id=48"},"modified":"2025-05-20T12:57:52","modified_gmt":"2025-05-20T15:57:52","slug":"historia-institucional","status":"publish","type":"page","link":"https:\/\/santamaria.uccuyo.com.ar\/es-ar\/index.php\/historia-institucional\/","title":{"rendered":"Ideario Institucional"},"content":{"rendered":"<p>[et_pb_section fb_built=\u00bb1&#8243; _builder_version=\u00bb4.17.3&#8243; _module_preset=\u00bbdefault\u00bb custom_padding=\u00bb||0px||false|false\u00bb global_colors_info=\u00bb{}\u00bb][et_pb_row column_structure=\u00bb1_2,1_2&#8243; _builder_version=\u00bb4.20.4&#8243; _module_preset=\u00bbdefault\u00bb width=\u00bb100%\u00bb width_tablet=\u00bb100%\u00bb width_phone=\u00bb80%\u00bb width_last_edited=\u00bbon|phone\u00bb max_width=\u00bb1101.6px\u00bb max_width_tablet=\u00bb1101.6px\u00bb max_width_phone=\u00bb1101.6px\u00bb max_width_last_edited=\u00bbon|phone\u00bb custom_padding=\u00bb||35px||false|false\u00bb border_width_bottom=\u00bb1px\u00bb border_color_bottom=\u00bb#14A3D2&#8243; global_colors_info=\u00bb{}\u00bb][et_pb_column type=\u00bb1_2&#8243; _builder_version=\u00bb4.17.3&#8243; _module_preset=\u00bbdefault\u00bb global_colors_info=\u00bb{}\u00bb][et_pb_text _builder_version=\u00bb4.20.4&#8243; _module_preset=\u00bbdefault\u00bb text_font=\u00bbDroid Serif Clasic Bold||||||||\u00bb text_text_color=\u00bb#14A3D2&#8243; text_font_size=\u00bb20px\u00bb text_line_height=\u00bb1.2em\u00bb custom_padding=\u00bb||||false|false\u00bb global_colors_info=\u00bb{}\u00bb]<\/p>\n<p>IDEARIO INSTITUCIONAL<\/p>\n<p>[\/et_pb_text][et_pb_text _builder_version=\u00bb4.20.4&#8243; _module_preset=\u00bbdefault\u00bb text_font=\u00bbDroid Serif Italic||||||||\u00bb text_text_color=\u00bb#6f6f6e\u00bb text_font_size=\u00bb15.4px\u00bb text_line_height=\u00bb1.5em\u00bb text_orientation=\u00bbjustified\u00bb width=\u00bb95%\u00bb width_tablet=\u00bb95%\u00bb width_phone=\u00bbauto\u00bb width_last_edited=\u00bbon|phone\u00bb module_alignment=\u00bbleft\u00bb hover_enabled=\u00bb0&#8243; module_alignment_tablet=\u00bbleft\u00bb module_alignment_phone=\u00bbleft\u00bb module_alignment_last_edited=\u00bbon|phone\u00bb global_colors_info=\u00bb{}\u00bb sticky_enabled=\u00bb0&#8243; custom_padding=\u00bb||0px|||\u00bb disabled_on=\u00bbon|off|off\u00bb]<\/p>\n<p>El Colegio Santa Mar\u00eda fue fundado el d\u00eda 12 de marzo de 1990 con la aprobaci\u00f3n de Monse\u00f1or Juan Rodolfo Laise. Es importante destacar que naci\u00f3 por solicitud expresa de los padres de alumnos del Colegio \u00abSan Luis Rey\u00bb, que conformes con la educaci\u00f3n impartida por dicho Colegio, quer\u00edan que sus hijas fueran formadas en el mismo esp\u00edritu. El reconocimiento oficial fue otorgado por la Superintendencia Nacional\u00a0 \u00a0de\u00a0 \u00a0Ense\u00f1anza\u00a0 \u00a0Privada,\u00a0 \u00a0dependiente\u00a0 del\u00a0 Ministerio\u00a0 de\u00a0<\/p>\n<p>[\/et_pb_text][et_pb_text _builder_version=\u00bb4.20.4&#8243; _module_preset=\u00bbdefault\u00bb text_font=\u00bbDroid Serif Italic||||||||\u00bb text_text_color=\u00bb#6f6f6e\u00bb text_font_size=\u00bb15.4px\u00bb text_line_height=\u00bb1.5em\u00bb text_orientation=\u00bbjustified\u00bb width=\u00bb95%\u00bb width_tablet=\u00bb95%\u00bb width_phone=\u00bbauto\u00bb width_last_edited=\u00bbon|phone\u00bb module_alignment=\u00bbleft\u00bb hover_enabled=\u00bb0&#8243; module_alignment_tablet=\u00bbleft\u00bb module_alignment_phone=\u00bbleft\u00bb module_alignment_last_edited=\u00bbon|phone\u00bb global_colors_info=\u00bb{}\u00bb sticky_enabled=\u00bb0&#8243; custom_padding=\u00bb||0px|||\u00bb disabled_on=\u00bboff|on|on\u00bb]El Colegio Santa Mar\u00eda fue fundado el d\u00eda 12 de marzo de 1990 con la aprobaci\u00f3n de Monse\u00f1or Juan Rodolfo Laise. Es importante destacar que naci\u00f3 por solicitud expresa de los padres de alumnos del Colegio \u00abSan Luis Rey\u00bb, que conformes con la educaci\u00f3n impartida por dicho Colegio, quer\u00edan que sus hijas fueran formadas en el mismo esp\u00edritu. El reconocimiento oficial fue otorgado por la Superintendencia Nacional de Ense\u00f1anza Privada, dependiente del Ministerio de Cultura y Educaci\u00f3n de la Naci\u00f3n por Resoluci\u00f3n N\u00ba 184 el 22 de agosto de ese mismo a\u00f1o, coincidiendo con el d\u00eda de Santa Mar\u00eda Reina y se instituy\u00f3 como su Fiesta patronal.<br \/>\nDe esta manera surge con una divisi\u00f3n de primer a\u00f1o del nivel medio, bajo el manto protector de la Sant\u00edsima Virgen. En 1993 se inaugur\u00f3 el Nivel Primario con una divisi\u00f3n de primero y segundo grado.[\/et_pb_text][\/et_pb_column][et_pb_column type=\u00bb1_2&#8243; _builder_version=\u00bb4.17.3&#8243; _module_preset=\u00bbdefault\u00bb global_colors_info=\u00bb{}\u00bb][et_pb_text _builder_version=\u00bb4.20.4&#8243; _module_preset=\u00bbdefault\u00bb text_font=\u00bbDroid Serif Italic||||||||\u00bb text_text_color=\u00bb#6f6f6e\u00bb text_font_size=\u00bb15.4px\u00bb text_line_height=\u00bb1.5em\u00bb text_orientation=\u00bbjustified\u00bb width=\u00bb95%\u00bb width_tablet=\u00bb95%\u00bb width_phone=\u00bbauto\u00bb width_last_edited=\u00bbon|phone\u00bb module_alignment=\u00bbright\u00bb custom_margin=\u00bb||||false|false\u00bb custom_padding=\u00bb55px||||false|false\u00bb custom_padding_tablet=\u00bb55px||||false|false\u00bb custom_padding_phone=\u00bb40px||||false|false\u00bb custom_padding_last_edited=\u00bbon|phone\u00bb hover_enabled=\u00bb0&#8243; module_alignment_tablet=\u00bbright\u00bb module_alignment_phone=\u00bbleft\u00bb module_alignment_last_edited=\u00bbon|phone\u00bb global_colors_info=\u00bb{}\u00bb sticky_enabled=\u00bb0&#8243; disabled_on=\u00bbon|off|off\u00bb]Cultura y Educaci\u00f3n de la Naci\u00f3n por Resoluci\u00f3n N\u00ba 184 el 22 de agosto de ese mismo a\u00f1o, coincidiendo con el d\u00eda de Santa Mar\u00eda Reina y se instituy\u00f3 como su Fiesta patronal.<br \/>\nDe esta manera surge con una divisi\u00f3n de primer a\u00f1o del nivel medio, bajo el manto protector de la Sant\u00edsima Virgen. En 1993 se inaugur\u00f3 el Nivel Primario con una divisi\u00f3n de primero y segundo grado.[\/et_pb_text][et_pb_text _builder_version=\u00bb4.20.4&#8243; _module_preset=\u00bbdefault\u00bb text_font=\u00bbDroid Serif Clasic Bold||||||||\u00bb text_text_color=\u00bb#14A3D2&#8243; text_font_size=\u00bb20px\u00bb text_line_height=\u00bb1.2em\u00bb width=\u00bb95%\u00bb module_alignment=\u00bbright\u00bb custom_margin=\u00bb-10px||||false|false\u00bb custom_padding=\u00bb||||false|false\u00bb global_colors_info=\u00bb{}\u00bb disabled_on=\u00bbon|on|on\u00bb disabled=\u00bbon\u00bb]<\/p>\n<p>En la Actualidad<\/p>\n<p>[\/et_pb_text][et_pb_text _builder_version=\u00bb4.20.4&#8243; _module_preset=\u00bbdefault\u00bb text_font=\u00bbDroid Serif Italic||||||||\u00bb text_font_size=\u00bb15.4px\u00bb text_line_height=\u00bb1.5em\u00bb text_orientation=\u00bbjustified\u00bb width=\u00bb95%\u00bb module_alignment=\u00bbright\u00bb custom_margin=\u00bb-6px||||false|false\u00bb global_colors_info=\u00bb{}\u00bb disabled_on=\u00bbon|on|on\u00bb disabled=\u00bbon\u00bb]<\/p>\n<p>Tanto el nivel primario como el secundario funcionan en Col\u00f3n 725.<br \/>Ambos niveles en el turno ma\u00f1ana, y el nivel secundario tiene extensi\u00f3n horaria.<br \/>En el nivel primario la matr\u00edcula asciende a 78 alumnos y en el nivel<br \/>secundario a 135. La cantidad de directivos, docentes y personal auxiliar que acompa\u00f1an la formaci\u00f3n de los mismas son 50 en el nivel primario y 53 en el secundario.<\/p>\n<p>[\/et_pb_text][\/et_pb_column][\/et_pb_row][\/et_pb_section][et_pb_section fb_built=\u00bb1&#8243; _builder_version=\u00bb4.17.3&#8243; _module_preset=\u00bbdefault\u00bb custom_padding=\u00bb||20px||false|false\u00bb global_colors_info=\u00bb{}\u00bb][et_pb_row column_structure=\u00bb1_2,1_2&#8243; _builder_version=\u00bb4.20.4&#8243; _module_preset=\u00bbdefault\u00bb width=\u00bb100%\u00bb width_tablet=\u00bb100%\u00bb width_phone=\u00bb80%\u00bb width_last_edited=\u00bbon|phone\u00bb max_width=\u00bb1101.6px\u00bb custom_padding=\u00bb0px||||false|false\u00bb global_colors_info=\u00bb{}\u00bb][et_pb_column type=\u00bb1_2&#8243; _builder_version=\u00bb4.17.3&#8243; _module_preset=\u00bbdefault\u00bb global_colors_info=\u00bb{}\u00bb][et_pb_text _builder_version=\u00bb4.20.4&#8243; _module_preset=\u00bbdefault\u00bb text_font=\u00bbDroid Serif Clasic||||||||\u00bb text_text_color=\u00bb#14A3D2&#8243; text_font_size=\u00bb19.4px\u00bb text_line_height=\u00bb1.2em\u00bb width_tablet=\u00bb\u00bb width_phone=\u00bb\u00bb width_last_edited=\u00bbon|phone\u00bb custom_padding=\u00bb||||false|false\u00bb global_colors_info=\u00bb{}\u00bb]Identidad Institucional[\/et_pb_text][et_pb_text _builder_version=\u00bb4.20.4&#8243; _module_preset=\u00bbdefault\u00bb text_font=\u00bbDroid Serif Italic||||||||\u00bb text_text_color=\u00bbrgba(38,38,38,0.43)\u00bb text_orientation=\u00bbjustified\u00bb width=\u00bb95%\u00bb width_tablet=\u00bb93%\u00bb width_phone=\u00bbauto\u00bb width_last_edited=\u00bbon|phone\u00bb module_alignment=\u00bbleft\u00bb module_alignment_tablet=\u00bbleft\u00bb module_alignment_phone=\u00bbleft\u00bb module_alignment_last_edited=\u00bbon|phone\u00bb global_colors_info=\u00bb{}\u00bb]<\/p>\n<p>El Colegio Santa Mar\u00eda es una instituci\u00f3n educativa p\u00fablica de gesti\u00f3n privada, de car\u00e1cter confesional cat\u00f3lico con reconocimiento oficial. Participa del Proyecto Educativo de la Universidad Cat\u00f3lica de Cuyo -sede San Luis- cuya misi\u00f3n es formar personas integralmente, con aptitud para desarrollar sus capacidades en constante b\u00fasqueda de la verdad, iluminada por la revelaci\u00f3n cat\u00f3lica, a trav\u00e9s de la investigaci\u00f3n, la conservaci\u00f3n y comunicaci\u00f3n del conocimiento, con una permanente actitud para recrear el continuo di\u00e1logo entre la raz\u00f3n y la fe.<\/p>\n<p>Inspirados en el lema \u00bb Mira la estrella, invoca a Mar\u00eda\u00bb, y bajo la custodia de sus patronos la Sant\u00edsima Virgen Mar\u00eda y San Jos\u00e9 -su Cast\u00edsimo esposo-, forma ni\u00f1os y j\u00f3venes, a quienes se les presenta el ideal de las virtudes marianas como causa ejemplar para que se encarne en cada uno de ellos. Se busca as\u00ed que con la ayuda de San Jos\u00e9, la Sant\u00edsima Virgen reine sobre las inteligencias, las voluntades y los corazones a fin de que amen \u00fanicamente lo que Ella misma ama; que reine sobre los individuos, las familias y sobre toda la comunidad, de tal manera que los que la reconozcan como Reina y Se\u00f1ora del Mundo puedan gozar un d\u00eda junto a Ella y San Jos\u00e9 del Cielo.<br \/>Orientada la educaci\u00f3n de esta manera s\u00f3lo es posible alcanzar los objetivos con una ense\u00f1anza personalizada. Es por eso que el colegio, directivos alumno, tratando de descubrir sus \u00abtalentos\u00bb y de cultivarlos en vistas a su perfecci\u00f3n.<\/p>\n<p>[\/et_pb_text][\/et_pb_column][et_pb_column type=\u00bb1_2&#8243; _builder_version=\u00bb4.17.3&#8243; _module_preset=\u00bbdefault\u00bb global_colors_info=\u00bb{}\u00bb][et_pb_text _builder_version=\u00bb4.20.4&#8243; _module_preset=\u00bbdefault\u00bb text_font=\u00bbDroid Serif Italic||||||||\u00bb text_text_color=\u00bbrgba(38,38,38,0.43)\u00bb text_orientation=\u00bbjustified\u00bb width=\u00bb95%\u00bb width_tablet=\u00bb92%\u00bb width_phone=\u00bbauto\u00bb width_last_edited=\u00bbon|phone\u00bb module_alignment=\u00bbright\u00bb custom_margin=\u00bb54px||||false|false\u00bb module_alignment_tablet=\u00bbright\u00bb module_alignment_phone=\u00bbright\u00bb module_alignment_last_edited=\u00bbon|phone\u00bb global_colors_info=\u00bb{}\u00bb]<\/p>\n<p>Adem\u00e1s no podemos olvidarnos que educamos a personas en su ser mujer y var\u00f3n -que como tales tiene caracter\u00edsticas f\u00edsicas y psicol\u00f3gicas particulares que no pueden dejarse de tener en cuenta- de ah\u00ed que se los oriente de tal manera para que valoren el lugar que Dios les dio en el plan de la Creaci\u00f3n, reconociendo la dignidad que cada uno tiene. Sin vivir ajenos a la realidad actual, se los capacita para moverse en el mundo profesional brind\u00e1ndoles un buen nivel acad\u00e9mico.<\/p>\n<p>Ninguno de los objetivos anteriormente mencionados es posible alcanzarlos sin la tarea seria de directivos y docentes, sin la disponibilidad de los alumnos y sin el apoyo incondicional de los padres. El Colegio tiene muy claro que colabora con estos \u00faltimos y que ellos son los primeros educadores. De ah\u00ed la importancia de la integraci\u00f3n familia-escuela que con reuniones y encuentros personales se busca desarrollar.<\/p>\n<p>Por otra parte, cuenta con un equipo docente que no s\u00f3lo brinda a sus alumnos un alto nivel de conocimientos, t\u00e9cnicas o instrumentos, sino que les ayuda a adquirir una formaci\u00f3n madura y profunda en el \u00e1mbito psicol\u00f3gico, moral y espiritual.<\/p>\n<p>[\/et_pb_text][\/et_pb_column][\/et_pb_row][\/et_pb_section][et_pb_section fb_built=\u00bb1&#8243; disabled_on=\u00bbon|on|on\u00bb _builder_version=\u00bb4.17.3&#8243; _module_preset=\u00bbdefault\u00bb background_color=\u00bb#a5d3c6&#8243; custom_padding=\u00bb||20px||false|false\u00bb disabled=\u00bbon\u00bb global_colors_info=\u00bb{}\u00bb][et_pb_row column_structure=\u00bb1_2,1_2&#8243; _builder_version=\u00bb4.17.3&#8243; _module_preset=\u00bbdefault\u00bb width=\u00bb100%\u00bb width_tablet=\u00bb100%\u00bb width_phone=\u00bb80%\u00bb width_last_edited=\u00bbon|phone\u00bb max_width=\u00bb1101.6px\u00bb custom_padding=\u00bb0px||||false|false\u00bb global_colors_info=\u00bb{}\u00bb][et_pb_column type=\u00bb1_2&#8243; _builder_version=\u00bb4.17.3&#8243; _module_preset=\u00bbdefault\u00bb global_colors_info=\u00bb{}\u00bb][et_pb_text _builder_version=\u00bb4.17.3&#8243; _module_preset=\u00bbdefault\u00bb text_font=\u00bbDroid Serif Bold Clasic||||||||\u00bb text_text_color=\u00bb#366D5D\u00bb text_font_size=\u00bb20px\u00bb text_line_height=\u00bb1.2em\u00bb width_tablet=\u00bb\u00bb width_phone=\u00bb\u00bb width_last_edited=\u00bbon|phone\u00bb custom_padding=\u00bb||||false|false\u00bb global_colors_info=\u00bb{}\u00bb]Valores institucionales[\/et_pb_text][et_pb_text _builder_version=\u00bb4.17.3&#8243; _module_preset=\u00bbdefault\u00bb text_font=\u00bbDroid Serif iitalic||||||||\u00bb text_text_color=\u00bb#366D5D\u00bb text_font_size=\u00bb16px\u00bb text_orientation=\u00bbjustified\u00bb width=\u00bb93%\u00bb width_tablet=\u00bb93%\u00bb width_phone=\u00bbauto\u00bb width_last_edited=\u00bbon|phone\u00bb module_alignment=\u00bbleft\u00bb module_alignment_tablet=\u00bbleft\u00bb module_alignment_phone=\u00bbleft\u00bb module_alignment_last_edited=\u00bbon|phone\u00bb global_colors_info=\u00bb{}\u00bb]Los valores resumen las convicciones personales, aquello en lo que uno cree y que uno ama. El valor se convierte en fuente motivadora de la vida personal.[\/et_pb_text][et_pb_text _builder_version=\u00bb4.17.3&#8243; _module_preset=\u00bbdefault\u00bb text_font=\u00bbDroid Serif Clasic||||||||\u00bb text_text_color=\u00bb#366D5D\u00bb text_font_size=\u00bb18px\u00bb text_line_height=\u00bb1.2em\u00bb width_tablet=\u00bb\u00bb width_phone=\u00bb\u00bb width_last_edited=\u00bbon|phone\u00bb custom_padding=\u00bb22px||||false|false\u00bb module_alignment_tablet=\u00bb\u00bb module_alignment_phone=\u00bb\u00bb module_alignment_last_edited=\u00bbon|phone\u00bb global_colors_info=\u00bb{}\u00bb]<\/p>\n<p>\u2022 Verdad<\/p>\n<p>[\/et_pb_text][et_pb_text _builder_version=\u00bb4.17.3&#8243; _module_preset=\u00bbdefault\u00bb text_font=\u00bbDroid Serif Clasic||||||||\u00bb text_text_color=\u00bb#366D5D\u00bb text_orientation=\u00bbjustified\u00bb width=\u00bb93%\u00bb width_tablet=\u00bb93%\u00bb width_phone=\u00bbauto\u00bb width_last_edited=\u00bbon|phone\u00bb module_alignment=\u00bbleft\u00bb module_alignment_tablet=\u00bbleft\u00bb module_alignment_phone=\u00bbleft\u00bb module_alignment_last_edited=\u00bbon|phone\u00bb global_colors_info=\u00bb{}\u00bb]Es una revelaci\u00f3n del sentido de la existencia humana, que no se da sin esfuerzo ni pasi\u00f3n. Es misi\u00f3n y meta, apertura y fin; la verdad es objetiva, universal y racional, se extiende sobre todas las cosas, habita en el interior del hombre y alcanza el misterio.[\/et_pb_text][et_pb_text _builder_version=\u00bb4.17.3&#8243; _module_preset=\u00bbdefault\u00bb text_font=\u00bbDroid Serif Clasic||||||||\u00bb text_text_color=\u00bb#366D5D\u00bb text_font_size=\u00bb18px\u00bb text_line_height=\u00bb1.2em\u00bb width_tablet=\u00bb\u00bb width_phone=\u00bb\u00bb width_last_edited=\u00bbon|phone\u00bb custom_padding=\u00bb||||false|false\u00bb module_alignment_tablet=\u00bb\u00bb module_alignment_phone=\u00bb\u00bb module_alignment_last_edited=\u00bbon|phone\u00bb global_colors_info=\u00bb{}\u00bb]\u2022 Libertad y responsabilidad[\/et_pb_text][et_pb_text _builder_version=\u00bb4.17.3&#8243; _module_preset=\u00bbdefault\u00bb text_font=\u00bbDroid Serif Clasic||||||||\u00bb text_text_color=\u00bb#366D5D\u00bb text_orientation=\u00bbjustified\u00bb width=\u00bb93%\u00bb width_tablet=\u00bb93%\u00bb width_phone=\u00bbauto\u00bb width_last_edited=\u00bbon|phone\u00bb module_alignment=\u00bbleft\u00bb custom_margin=\u00bb-7px||||false|false\u00bb custom_padding=\u00bb||||false|false\u00bb module_alignment_tablet=\u00bbleft\u00bb module_alignment_phone=\u00bbleft\u00bb module_alignment_last_edited=\u00bbon|phone\u00bb global_colors_info=\u00bb{}\u00bb]El hombre es libre para adherirse y actuar con respecto a los valores propios de la naturaleza. La libertad s\u00f3lo tiene sentido como valor orientado a la verdad cuando supone actuar con responsabilidad. La libertad y responsabilidad son dos valores inseparables.[\/et_pb_text][\/et_pb_column][et_pb_column type=\u00bb1_2&#8243; _builder_version=\u00bb4.17.3&#8243; _module_preset=\u00bbdefault\u00bb global_colors_info=\u00bb{}\u00bb][et_pb_text _builder_version=\u00bb4.17.3&#8243; _module_preset=\u00bbdefault\u00bb text_font=\u00bbDroid Serif Clasic||||||||\u00bb text_text_color=\u00bb#366D5D\u00bb text_font_size=\u00bb18px\u00bb text_line_height=\u00bb1.2em\u00bb width_tablet=\u00bb\u00bb width_phone=\u00bb\u00bb width_last_edited=\u00bbon|phone\u00bb custom_padding=\u00bb55px||1px|41px|false|false\u00bb custom_padding_tablet=\u00bb|||41px|false|false\u00bb custom_padding_phone=\u00bb|||0px|false|false\u00bb custom_padding_last_edited=\u00bbon|phone\u00bb module_alignment_tablet=\u00bb\u00bb module_alignment_phone=\u00bb\u00bb module_alignment_last_edited=\u00bbon|phone\u00bb global_colors_info=\u00bb{}\u00bb]<\/p>\n<p>\u2022 Generosidad<\/p>\n<p>[\/et_pb_text][et_pb_text _builder_version=\u00bb4.17.3&#8243; _module_preset=\u00bbdefault\u00bb text_font=\u00bbDroid Serif Clasic||||||||\u00bb text_text_color=\u00bb#366D5D\u00bb text_font_size=\u00bb13.5px\u00bb text_orientation=\u00bbjustified\u00bb width=\u00bb92%\u00bb width_tablet=\u00bb92%\u00bb width_phone=\u00bbauto\u00bb width_last_edited=\u00bbon|phone\u00bb module_alignment=\u00bbright\u00bb module_alignment_tablet=\u00bbright\u00bb module_alignment_phone=\u00bbright\u00bb module_alignment_last_edited=\u00bbon|phone\u00bb global_colors_info=\u00bb{}\u00bb]<\/p>\n<p>Un aspecto fundamental en la comprensi\u00f3n de lo que es el amor es el ejercicio de la generosidad y la entrega. Se puede ser generoso no solamente con las cosas que se dan sino con el tiempo que se tiene para otros.<\/p>\n<p>[\/et_pb_text][et_pb_text _builder_version=\u00bb4.17.3&#8243; _module_preset=\u00bbdefault\u00bb text_font=\u00bbDroid Serif Clasic||||||||\u00bb text_text_color=\u00bb#366D5D\u00bb text_font_size=\u00bb18px\u00bb text_line_height=\u00bb1.2em\u00bb width_tablet=\u00bb\u00bb width_phone=\u00bb\u00bb width_last_edited=\u00bbon|phone\u00bb custom_padding=\u00bb||1px|41px|false|false\u00bb custom_padding_tablet=\u00bb|||41px|false|false\u00bb custom_padding_phone=\u00bb|||0px|false|false\u00bb custom_padding_last_edited=\u00bbon|phone\u00bb module_alignment_tablet=\u00bb\u00bb module_alignment_phone=\u00bb\u00bb module_alignment_last_edited=\u00bbon|phone\u00bb global_colors_info=\u00bb{}\u00bb]\u2022 Autoestima[\/et_pb_text][et_pb_text _builder_version=\u00bb4.17.3&#8243; _module_preset=\u00bbdefault\u00bb text_font=\u00bbDroid Serif Clasic||||||||\u00bb text_text_color=\u00bb#366D5D\u00bb text_font_size=\u00bb13.5px\u00bb text_orientation=\u00bbjustified\u00bb width=\u00bb92%\u00bb width_tablet=\u00bb92%\u00bb width_phone=\u00bbauto\u00bb width_last_edited=\u00bbon|phone\u00bb module_alignment=\u00bbright\u00bb module_alignment_tablet=\u00bbright\u00bb module_alignment_phone=\u00bbright\u00bb module_alignment_last_edited=\u00bbon|phone\u00bb global_colors_info=\u00bb{}\u00bb]<\/p>\n<p>Es la impronta que llevamos en nuestra vida. Es la percepci\u00f3n valorativa de nuestro ser, de nuestra manera de actuar, con las caracter\u00edsticas de nuestra espiritualidad, todo lo cual conforma nuestra personalidad.<\/p>\n<p>[\/et_pb_text][et_pb_text _builder_version=\u00bb4.17.3&#8243; _module_preset=\u00bbdefault\u00bb text_font=\u00bbDroid Serif Clasic||||||||\u00bb text_text_color=\u00bb#366D5D\u00bb text_font_size=\u00bb18px\u00bb text_line_height=\u00bb1.2em\u00bb width_tablet=\u00bb\u00bb width_phone=\u00bb\u00bb width_last_edited=\u00bbon|phone\u00bb custom_padding=\u00bb||1px|41px|false|false\u00bb custom_padding_tablet=\u00bb|||41px|false|false\u00bb custom_padding_phone=\u00bb|||0px|false|false\u00bb custom_padding_last_edited=\u00bbon|phone\u00bb module_alignment_tablet=\u00bb\u00bb module_alignment_phone=\u00bb\u00bb module_alignment_last_edited=\u00bbon|phone\u00bb global_colors_info=\u00bb{}\u00bb]\u2022 Respeto[\/et_pb_text][et_pb_text _builder_version=\u00bb4.17.3&#8243; _module_preset=\u00bbdefault\u00bb text_font=\u00bbDroid Serif Clasic||||||||\u00bb text_text_color=\u00bb#366D5D\u00bb text_font_size=\u00bb13.5px\u00bb text_orientation=\u00bbjustified\u00bb width=\u00bb92%\u00bb width_tablet=\u00bb92%\u00bb width_phone=\u00bbauto\u00bb width_last_edited=\u00bbon|phone\u00bb module_alignment=\u00bbright\u00bb module_alignment_tablet=\u00bbright\u00bb module_alignment_phone=\u00bbright\u00bb module_alignment_last_edited=\u00bbon|phone\u00bb global_colors_info=\u00bb{}\u00bb]<\/p>\n<p>Es la virtud que nos hace reconocer el valor, la consideraci\u00f3n y la dign-idad que merece alguien o algo; y nos lleva a demostrarlo con nuestras<br \/>actitudes y acciones. El respeto es la virtud por la cual le reconocemos a<br \/>cada persona su lugar y la funci\u00f3n que Dios ha querido darle ante nosotros.<\/p>\n<p>[\/et_pb_text][\/et_pb_column][\/et_pb_row][\/et_pb_section]<\/p>\n","protected":false},"excerpt":{"rendered":"<p>IDEARIO INSTITUCIONALEl Colegio Santa Mar\u00eda fue fundado el d\u00eda 12 de marzo de 1990 con la aprobaci\u00f3n de Monse\u00f1or Juan Rodolfo Laise. Es importante destacar que naci\u00f3 por solicitud expresa de los padres de alumnos del Colegio \u00abSan Luis Rey\u00bb, que conformes con la educaci\u00f3n impartida por dicho Colegio, quer\u00edan que sus hijas fueran formadas [&hellip;]<\/p>\n","protected":false},"author":2,"featured_media":0,"parent":0,"menu_order":2,"comment_status":"closed","ping_status":"closed","template":"","meta":{"_et_pb_use_builder":"on","_et_pb_old_content":"<!-- wp:divi\/placeholder \/-->","_et_gb_content_width":"","footnotes":""},"class_list":["post-48","page","type-page","status-publish","hentry"],"_links":{"self":[{"href":"https:\/\/santamaria.uccuyo.com.ar\/es-ar\/index.php\/wp-json\/wp\/v2\/pages\/48","targetHints":{"allow":["GET"]}}],"collection":[{"href":"https:\/\/santamaria.uccuyo.com.ar\/es-ar\/index.php\/wp-json\/wp\/v2\/pages"}],"about":[{"href":"https:\/\/santamaria.uccuyo.com.ar\/es-ar\/index.php\/wp-json\/wp\/v2\/types\/page"}],"author":[{"embeddable":true,"href":"https:\/\/santamaria.uccuyo.com.ar\/es-ar\/index.php\/wp-json\/wp\/v2\/users\/2"}],"replies":[{"embeddable":true,"href":"https:\/\/santamaria.uccuyo.com.ar\/es-ar\/index.php\/wp-json\/wp\/v2\/comments?post=48"}],"version-history":[{"count":75,"href":"https:\/\/santamaria.uccuyo.com.ar\/es-ar\/index.php\/wp-json\/wp\/v2\/pages\/48\/revisions"}],"predecessor-version":[{"id":1968,"href":"https:\/\/santamaria.uccuyo.com.ar\/es-ar\/index.php\/wp-json\/wp\/v2\/pages\/48\/revisions\/1968"}],"wp:attachment":[{"href":"https:\/\/santamaria.uccuyo.com.ar\/es-ar\/index.php\/wp-json\/wp\/v2\/media?parent=48"}],"curies":[{"name":"wp","href":"https:\/\/api.w.org\/{rel}","templated":true}]}}